{"id":621,"date":"2019-03-03T19:28:04","date_gmt":"2019-03-03T17:28:04","guid":{"rendered":"https:\/\/feuerwehr-blessenbach.de\/?page_id=621"},"modified":"2025-02-09T17:55:43","modified_gmt":"2025-02-09T15:55:43","slug":"verein","status":"publish","type":"page","link":"https:\/\/feuerwehr-blessenbach.de\/?page_id=621","title":{"rendered":"Verein"},"content":{"rendered":"\n<p>\u00a0Der Feuerwehrverein der Freiwilligen Feuerwehr Blessenbach e.V. ist ein eingetragener Verein und hat die F\u00f6rderung des Feuerwehrwesens und F\u00f6rderung der Jugendarbeit zur Aufgabe. <br>Der Verein wurde bereits 1932 gegr\u00fcndet und ist seit dem 23.01.1996 im Vereinsregister am Amtsgericht Weilburg eingetragen (heute Amtsgericht Limburg) <br>Die Unterhaltung der Einsatzabteilung ist eine Pflichtaufgabe der Gemeinde Weinbach, jedoch kann es in Zeiten knapper Kassen, hilfreich sein \u201eSonderanschaffungen\u201c \u00fcber Vereine zu organisieren. So wurden durch unseren Verein z.B. im Dezember 2018 explosionsgesch\u00fctzte Helmlampen in LED Ausf\u00fchrung beschafft und jeder Einsatzkraft \u00fcbergeben. Zur \u00dcbergabe des neuen Einsatzfahrzeugs in 2013 konnte durch den F\u00f6rderverein ein besonderes Strahlrohr \u00fcbergeben, was sowohl f\u00fcr die Abgabe von Wasser als auch Wasser\/ Schaummittelgemisch ausgelegt ist. Durch eine private Spenden konnte der Feuerwehr in 2012 ein Hydroschild \u00fcbergeben werden, welches in der Durchflussmenge von 0 \u2013 1.000l\/min. Stufenlos einstellbar ist. Ebenso wurde f\u00fcr die Ausbildung der Einsatzkr\u00e4fte ein Laptop sowie ein Beamer nebst Leinwand und Wandlautsprechern angeschafft. Damit konnte die Ausbildung der Kr\u00e4fte deutlich verbessert und intensiviert werden. <br><br>Werden auch Sie ein F\u00f6rderer des Brandschutzes!\u00a0 Treten Sie dem F\u00f6rderverein der Freiwilligen Feuerwehr Blessenbach e.V. bei und unterst\u00fctzen Sie so die Arbeit ihrer \u00f6rtlichen Feuerwehr. <br>Weiter haben Sie die M\u00f6glichkeit mit einer Mitgliedschaft im Feuerwehrverein, die Vereinseigene Grillh\u00fctte zu verg\u00fcnstigten Konditionen zu mieten. <br>Als Mitglied im Verein der Freiwilligen Feuerwehr Blessenbach, haben Sie auch die M\u00f6glichkeit, eine Risikolebensversicherung der Sterbekasse Limburg-Weilburger a.G. zu g\u00fcnstigen Konditionen abzuschlie\u00dfen. Wir beraten Sie gerne bzw. vermitteln Ihnen ein Beratungsgespr\u00e4ch mit unseren Ansprechpartnern. <br><br>Der gesch\u00e4ftsf\u00fchrende Vorstand besteht zur Zeit aus: <br>Roger Bernhardt \u2013 Vorsitzender<br>David M\u00f6cks \u2013 erster stellvertretender Vorsitzender <br><br><br>Des Weiteren geh\u00f6ren dem Vorstand an: <br><br>Kevin Schwarz \u2013 Schriftf\u00fchrer und H\u00fcttenwart<br>Mario Fischer \u2013 Jugendwart <br>Adrian Stahl \u2013 stellvertretender Jugendwart <br>Bernd M\u00f6ller \u2013 Ger\u00e4tewart <br>Anette Dorn \u2013 Beisitzer<br>Klaus Stahl \u2013 Beisitzer <br>Dieter Kissel \u2013 Beisitzer<\/p>\n","protected":false},"excerpt":{"rendered":"<div class=\"mh-excerpt\"><p>\u00a0Der Feuerwehrverein der Freiwilligen Feuerwehr Blessenbach e.V. ist ein eingetragener Verein und hat die F\u00f6rderung des Feuerwehrwesens und F\u00f6rderung der Jugendarbeit zur Aufgabe. Der Verein <a class=\"mh-excerpt-more\" href=\"https:\/\/feuerwehr-blessenbach.de\/?page_id=621\" title=\"Verein\">[&#8230;]<\/a><\/p>\n<\/div>","protected":false},"author":1,"featured_media":0,"parent":0,"menu_order":0,"comment_status":"closed","ping_status":"closed","template":"","meta":{"ngg_post_thumbnail":0,"_mc_calendar":[],"footnotes":""},"class_list":["post-621","page","type-page","status-publish","hentry"],"_links":{"self":[{"href":"https:\/\/feuerwehr-blessenbach.de\/index.php?rest_route=\/wp\/v2\/pages\/621","targetHints":{"allow":["GET"]}}],"collection":[{"href":"https:\/\/feuerwehr-blessenbach.de\/index.php?rest_route=\/wp\/v2\/pages"}],"about":[{"href":"https:\/\/feuerwehr-blessenbach.de\/index.php?rest_route=\/wp\/v2\/types\/page"}],"author":[{"embeddable":true,"href":"https:\/\/feuerwehr-blessenbach.de\/index.php?rest_route=\/wp\/v2\/users\/1"}],"replies":[{"embeddable":true,"href":"https:\/\/feuerwehr-blessenbach.de\/index.php?rest_route=%2Fwp%2Fv2%2Fcomments&post=621"}],"version-history":[{"count":9,"href":"https:\/\/feuerwehr-blessenbach.de\/index.php?rest_route=\/wp\/v2\/pages\/621\/revisions"}],"predecessor-version":[{"id":1259,"href":"https:\/\/feuerwehr-blessenbach.de\/index.php?rest_route=\/wp\/v2\/pages\/621\/revisions\/1259"}],"wp:attachment":[{"href":"https:\/\/feuerwehr-blessenbach.de\/index.php?rest_route=%2Fwp%2Fv2%2Fmedia&parent=621"}],"curies":[{"name":"wp","href":"https:\/\/api.w.org\/{rel}","templated":true}]}}