{"id":4,"date":"2018-07-11T15:16:30","date_gmt":"2018-07-11T15:16:30","guid":{"rendered":"http:\/\/feuerwehr-blessenbach.de\/?page_id=4"},"modified":"2026-03-07T15:17:05","modified_gmt":"2026-03-07T13:17:05","slug":"kontakt","status":"publish","type":"page","link":"https:\/\/feuerwehr-blessenbach.de\/?page_id=4","title":{"rendered":"Kontakt"},"content":{"rendered":"<p><strong>Adresse:<br><\/strong>Freiwillige Feuerwehr Blessenbach<br>Oberstra\u00dfe 14<br>35796 Weinbach- Blessenbach<br>info@feuerwehr-blessenbach.de<\/p>\n<p><strong><br>Wehrf\u00fchrer:<\/strong><\/p>\n<p><span style=\"text-align: left; color: #191e23; text-transform: none; text-indent: 0px; letter-spacing: normal; font-family: 'Noto Serif'; font-size: 16px; font-style: normal; font-variant: normal; font-weight: 400; text-decoration: none; word-spacing: 0px; float: none; display: inline !important; white-space: normal; cursor: text; orphans: 2; background-color: transparent; -webkit-text-stroke-width: 0px;\">David M\u00f6cks<\/span><br><span style=\"text-align: left; color: #191e23; text-transform: none; text-indent: 0px; letter-spacing: normal; font-family: 'Noto Serif'; font-size: 16px; font-style: normal; font-variant: normal; font-weight: 400; text-decoration: none; word-spacing: 0px; float: none; display: inline !important; white-space: normal; cursor: text; orphans: 2; background-color: transparent; -webkit-text-stroke-width: 0px;\">Oberstra\u00dfe 17<br>35796 Weinbach- Blessenbach<br>0160\/7097670<\/span><\/p>\n<p><span style=\"text-align: left; color: #191e23; text-transform: none; text-indent: 0px; letter-spacing: normal; font-family: 'Noto Serif'; font-size: 16px; font-style: normal; font-variant: normal; font-weight: 400; text-decoration: none; word-spacing: 0px; float: none; display: inline !important; white-space: normal; cursor: text; orphans: 2; background-color: transparent; -webkit-text-stroke-width: 0px;\">wehrfuehrung@feuerwehr-blessenbach.de<br><\/span><\/p>\n<p><strong><br>Stv. Wehrf\u00fchrer:<br><\/strong>Adrian Stahl<br>Im Br\u00fchl 70<br>35796 Weinbach- Blessenbach<br>01516\/7957140<br><span style=\"text-align: left; color: #191e23; text-transform: none; text-indent: 0px; letter-spacing: normal; font-family: 'Noto Serif'; font-size: 16px; font-style: normal; font-variant: normal; font-weight: 400; text-decoration: none; word-spacing: 0px; float: none; display: inline !important; white-space: normal; cursor: text; orphans: 2; background-color: transparent; -webkit-text-stroke-width: 0px;\">wehrfuehrung@feuerwehr-blessenbach.de<\/span><\/p>\n<p><strong><br>1. Vereinsvorsitzender:<br><\/strong>David M\u00f6cks<br>Oberstra\u00dfe 17<br><span style=\"text-align: left; color: #191e23; text-transform: none; text-indent: 0px; letter-spacing: normal; font-family: 'Noto Serif'; font-size: 16px; font-style: normal; font-variant: normal; font-weight: 400; text-decoration: none; word-spacing: 0px; float: none; display: inline !important; white-space: normal; cursor: text; orphans: 2; background-color: transparent; -webkit-text-stroke-width: 0px;\">35796 Weinbach- Blessenbach<br>0160\/7097670<br><\/span><\/p>\n<p><strong><br>2. Stv. Vereinsvorsitzender:<br><\/strong>Lisa Landsiedel<br>Oberstra\u00dfe 20<br>35796 Weinbach-Blessenbach<\/p>\n<p>0171\/9274664<\/p>\n<p><strong><br>3. Stv. Vereinsvorstitzender:<br><\/strong><\/p>\n<p>Stefan Hempfling<\/p>\n<p>Im Br\u00fchl 5<\/p>\n<p>35796 Weinbach- Blessenbach<\/p>\n<p><strong><br>Jugendwart:<br><\/strong>Lisa Landsiedel<br>Oberstra\u00dfe 20<br>35796 Weinbach- Blessenbach<\/p>\n<p>0171\/9274664<\/p>\n<p><strong><br>Stv. Jugendwart:<br><\/strong>Adrian Stahl<br>Im Br\u00fchl 70<br>35796 Weinbach- Blessenbach<br>01516\/7957140<\/p>\n<p><strong><br>Kassierer:<br><\/strong><\/p>\n<p>Robin K\u00f6nig&nbsp;<\/p>\n<p>35796 Weinbach- Blessenbach<\/p>\n<p><strong><br>Schriftf\u00fchrer:<\/strong><\/p>\n<p>Lisa Landsiedel<br>Oberstra\u00dfe 20<br>35796 Weinbach- Blessenbach<\/p>\n<p>0171\/9274664<\/p>\n<p>&nbsp;<\/p>\n<p><strong>H\u00fcttenwart:<br><\/strong><span style=\"font-size: inherit;\">grillhuette@feuerwehr-blessenbach.de<\/span><\/p>\n\n\n<p><\/p>\n\n\n\n\n\n\n","protected":false},"excerpt":{"rendered":"<div class=\"mh-excerpt\"><p>Adresse:Freiwillige Feuerwehr BlessenbachOberstra\u00dfe 1435796 Weinbach- Blessenbachinfo@feuerwehr-blessenbach.de Wehrf\u00fchrer: David M\u00f6cksOberstra\u00dfe 1735796 Weinbach- Blessenbach0160\/7097670 wehrfuehrung@feuerwehr-blessenbach.de Stv. Wehrf\u00fchrer:Adrian StahlIm Br\u00fchl 7035796 Weinbach- Blessenbach01516\/7957140wehrfuehrung@feuerwehr-blessenbach.de 1. Vereinsvorsitzender:David M\u00f6cksOberstra\u00dfe 1735796 Weinbach- <a class=\"mh-excerpt-more\" href=\"https:\/\/feuerwehr-blessenbach.de\/?page_id=4\" title=\"Kontakt\">[&#8230;]<\/a><\/p>\n<\/div>","protected":false},"author":1,"featured_media":0,"parent":0,"menu_order":0,"comment_status":"closed","ping_status":"closed","template":"","meta":{"ngg_post_thumbnail":0,"_mc_calendar":[],"footnotes":""},"class_list":["post-4","page","type-page","status-publish","hentry"],"_links":{"self":[{"href":"https:\/\/feuerwehr-blessenbach.de\/index.php?rest_route=\/wp\/v2\/pages\/4","targetHints":{"allow":["GET"]}}],"collection":[{"href":"https:\/\/feuerwehr-blessenbach.de\/index.php?rest_route=\/wp\/v2\/pages"}],"about":[{"href":"https:\/\/feuerwehr-blessenbach.de\/index.php?rest_route=\/wp\/v2\/types\/page"}],"author":[{"embeddable":true,"href":"https:\/\/feuerwehr-blessenbach.de\/index.php?rest_route=\/wp\/v2\/users\/1"}],"replies":[{"embeddable":true,"href":"https:\/\/feuerwehr-blessenbach.de\/index.php?rest_route=%2Fwp%2Fv2%2Fcomments&post=4"}],"version-history":[{"count":34,"href":"https:\/\/feuerwehr-blessenbach.de\/index.php?rest_route=\/wp\/v2\/pages\/4\/revisions"}],"predecessor-version":[{"id":1267,"href":"https:\/\/feuerwehr-blessenbach.de\/index.php?rest_route=\/wp\/v2\/pages\/4\/revisions\/1267"}],"wp:attachment":[{"href":"https:\/\/feuerwehr-blessenbach.de\/index.php?rest_route=%2Fwp%2Fv2%2Fmedia&parent=4"}],"curies":[{"name":"wp","href":"https:\/\/api.w.org\/{rel}","templated":true}]}}