{"id":134,"date":"2019-01-31T18:06:15","date_gmt":"2019-01-31T16:06:15","guid":{"rendered":"https:\/\/feuerwehr-blessenbach.de\/?page_id=134"},"modified":"2019-06-07T16:12:42","modified_gmt":"2019-06-07T14:12:42","slug":"technik","status":"publish","type":"page","link":"https:\/\/feuerwehr-blessenbach.de\/?page_id=134","title":{"rendered":"Technik"},"content":{"rendered":"\n<p><strong>Technische Daten TSF- W:<\/strong><br>Fahrgestell&nbsp;&nbsp; &nbsp;IVECO Daily C65C Modelljahr 2013<br>Hubraum&nbsp;&nbsp; &nbsp;2998 ccm<br>Motorleistung&nbsp;&nbsp; &nbsp;125 KW bei 3500 U\/min<\/p>\n\n\n\n<p><strong>Allgemeine Daten:<\/strong><br>Fahrerhaus mit Mannschaftsraum f\u00fcr eine Staffel (1 Fahrer und 5 Mann Besatzung)<br>Beladung nach Norm f\u00fcr eine L\u00f6schgruppe + Zusatzbeladung<\/p>\n\n\n\n<p><strong>Besonderheiten:<\/strong><br>Heckklappe anstatt Rollladensystem<br>Wassertank mittig im Fahrzeugaufbau integriert, mit 750 Ltr. Fassungsverm\u00f6gen.<br>Fest eingebaute Anlage zur Stromerzeugung mit Steckdosen im Ger\u00e4teaufbau.<br>Fahrzeuggebundener pneumatischer Flutlichtmast mit 4 Xenon Schweinwerfern<br>Zus\u00e4tzliche Flutlichttrage mit mobilem Stativ zur Ausleuchtung von Einsatzstellen <br>2 Leitungsrollern mit je 50m Kabell\u00e4nge<br>1 Motorkettens\u00e4ge zur technischen Hilfe inkl. Schutzausstattung<br>1 Schmutzwassertauchpumpe Typ Spechtenhauser &#8222;Tegernsee&#8220;<br>Schnellangriffshaspel mit 50m formstabilem Druckschlauch zur schnellen Wassergabe und dauerhaft angeschlossenem AWG Turbo Twist Strahlrohr<br>Wechselaufsatz zur Schaumabgabe plus 2. Schaummittelbeh\u00e4lter<br>7 Schlauchtragek\u00f6rbe mit je 2 B- Schl\u00e4uchen zum verlegen w\u00e4hrend der Fahrt + 6 Rollschl\u00e4uche in Buchten gelagert = 20 B Schl\u00e4uche mit Gesamt 400m Schlauchmaterial<br><br><br>Tragkraftspritze Typ ROSENBAUR Fox III auf Auszug gelagert und f\u00fcr den Betrieb im Fahrzeugaufbau geeignet. Im Bedarfsfall entnehmbar<\/p>\n\n\n\n<figure class=\"wp-block-image\"><img loading=\"lazy\" decoding=\"async\" width=\"1000\" height=\"562\" src=\"https:\/\/feuerwehr-blessenbach.de\/wp-content\/uploads\/2018\/07\/DSC_0576.jpg\" alt=\"\" class=\"wp-image-21\" srcset=\"https:\/\/feuerwehr-blessenbach.de\/wp-content\/uploads\/2018\/07\/DSC_0576.jpg 1000w, https:\/\/feuerwehr-blessenbach.de\/wp-content\/uploads\/2018\/07\/DSC_0576-300x169.jpg 300w, https:\/\/feuerwehr-blessenbach.de\/wp-content\/uploads\/2018\/07\/DSC_0576-768x432.jpg 768w, https:\/\/feuerwehr-blessenbach.de\/wp-content\/uploads\/2018\/07\/DSC_0576-678x381.jpg 678w\" sizes=\"auto, (max-width: 1000px) 100vw, 1000px\" \/><figcaption>Ger\u00e4teraum G1<\/figcaption><\/figure>\n\n\n\n<figure class=\"wp-block-image\"><img loading=\"lazy\" decoding=\"async\" width=\"1000\" height=\"562\" src=\"https:\/\/feuerwehr-blessenbach.de\/wp-content\/uploads\/2018\/07\/DSC_0575.jpg\" alt=\"\" class=\"wp-image-20\" srcset=\"https:\/\/feuerwehr-blessenbach.de\/wp-content\/uploads\/2018\/07\/DSC_0575.jpg 1000w, https:\/\/feuerwehr-blessenbach.de\/wp-content\/uploads\/2018\/07\/DSC_0575-300x169.jpg 300w, https:\/\/feuerwehr-blessenbach.de\/wp-content\/uploads\/2018\/07\/DSC_0575-768x432.jpg 768w, https:\/\/feuerwehr-blessenbach.de\/wp-content\/uploads\/2018\/07\/DSC_0575-678x381.jpg 678w\" sizes=\"auto, (max-width: 1000px) 100vw, 1000px\" \/><figcaption>Ger\u00e4teraum G3<\/figcaption><\/figure>\n\n\n\n<figure class=\"wp-block-image\"><img loading=\"lazy\" decoding=\"async\" width=\"1000\" height=\"562\" src=\"https:\/\/feuerwehr-blessenbach.de\/wp-content\/uploads\/2018\/07\/DSC_0574.jpg\" alt=\"\" class=\"wp-image-19\" srcset=\"https:\/\/feuerwehr-blessenbach.de\/wp-content\/uploads\/2018\/07\/DSC_0574.jpg 1000w, https:\/\/feuerwehr-blessenbach.de\/wp-content\/uploads\/2018\/07\/DSC_0574-300x169.jpg 300w, https:\/\/feuerwehr-blessenbach.de\/wp-content\/uploads\/2018\/07\/DSC_0574-768x432.jpg 768w, https:\/\/feuerwehr-blessenbach.de\/wp-content\/uploads\/2018\/07\/DSC_0574-678x381.jpg 678w\" sizes=\"auto, (max-width: 1000px) 100vw, 1000px\" \/><figcaption>Ger\u00e4teraum hinten<\/figcaption><\/figure>\n\n\n\n<figure class=\"wp-block-image\"><img loading=\"lazy\" decoding=\"async\" width=\"1000\" height=\"562\" src=\"https:\/\/feuerwehr-blessenbach.de\/wp-content\/uploads\/2018\/07\/DSC_0578.jpg\" alt=\"\" class=\"wp-image-23\" srcset=\"https:\/\/feuerwehr-blessenbach.de\/wp-content\/uploads\/2018\/07\/DSC_0578.jpg 1000w, https:\/\/feuerwehr-blessenbach.de\/wp-content\/uploads\/2018\/07\/DSC_0578-300x169.jpg 300w, https:\/\/feuerwehr-blessenbach.de\/wp-content\/uploads\/2018\/07\/DSC_0578-768x432.jpg 768w, https:\/\/feuerwehr-blessenbach.de\/wp-content\/uploads\/2018\/07\/DSC_0578-678x381.jpg 678w\" sizes=\"auto, (max-width: 1000px) 100vw, 1000px\" \/><figcaption>Ger\u00e4teraum G4<\/figcaption><\/figure>\n\n\n\n<figure class=\"wp-block-image\"><img loading=\"lazy\" decoding=\"async\" width=\"576\" height=\"1024\" src=\"https:\/\/feuerwehr-blessenbach.de\/wp-content\/uploads\/2018\/07\/DSC_0579-576x1024.jpg\" alt=\"\" class=\"wp-image-24\" srcset=\"https:\/\/feuerwehr-blessenbach.de\/wp-content\/uploads\/2018\/07\/DSC_0579-576x1024.jpg 576w, https:\/\/feuerwehr-blessenbach.de\/wp-content\/uploads\/2018\/07\/DSC_0579-169x300.jpg 169w, https:\/\/feuerwehr-blessenbach.de\/wp-content\/uploads\/2018\/07\/DSC_0579-768x1365.jpg 768w, https:\/\/feuerwehr-blessenbach.de\/wp-content\/uploads\/2018\/07\/DSC_0579.jpg 1000w\" sizes=\"auto, (max-width: 576px) 100vw, 576px\" \/><figcaption>Ger\u00e4teraum G2<\/figcaption><\/figure>\n","protected":false},"excerpt":{"rendered":"<div class=\"mh-excerpt\"><p>Technische Daten TSF- W:Fahrgestell&nbsp;&nbsp; &nbsp;IVECO Daily C65C Modelljahr 2013Hubraum&nbsp;&nbsp; &nbsp;2998 ccmMotorleistung&nbsp;&nbsp; &nbsp;125 KW bei 3500 U\/min Allgemeine Daten:Fahrerhaus mit Mannschaftsraum f\u00fcr eine Staffel (1 Fahrer <a class=\"mh-excerpt-more\" href=\"https:\/\/feuerwehr-blessenbach.de\/?page_id=134\" title=\"Technik\">[&#8230;]<\/a><\/p>\n<\/div>","protected":false},"author":1,"featured_media":0,"parent":109,"menu_order":0,"comment_status":"closed","ping_status":"closed","template":"","meta":{"ngg_post_thumbnail":0,"_mc_calendar":[],"footnotes":""},"class_list":["post-134","page","type-page","status-publish","hentry"],"_links":{"self":[{"href":"https:\/\/feuerwehr-blessenbach.de\/index.php?rest_route=\/wp\/v2\/pages\/134","targetHints":{"allow":["GET"]}}],"collection":[{"href":"https:\/\/feuerwehr-blessenbach.de\/index.php?rest_route=\/wp\/v2\/pages"}],"about":[{"href":"https:\/\/feuerwehr-blessenbach.de\/index.php?rest_route=\/wp\/v2\/types\/page"}],"author":[{"embeddable":true,"href":"https:\/\/feuerwehr-blessenbach.de\/index.php?rest_route=\/wp\/v2\/users\/1"}],"replies":[{"embeddable":true,"href":"https:\/\/feuerwehr-blessenbach.de\/index.php?rest_route=%2Fwp%2Fv2%2Fcomments&post=134"}],"version-history":[{"count":8,"href":"https:\/\/feuerwehr-blessenbach.de\/index.php?rest_route=\/wp\/v2\/pages\/134\/revisions"}],"predecessor-version":[{"id":744,"href":"https:\/\/feuerwehr-blessenbach.de\/index.php?rest_route=\/wp\/v2\/pages\/134\/revisions\/744"}],"up":[{"embeddable":true,"href":"https:\/\/feuerwehr-blessenbach.de\/index.php?rest_route=\/wp\/v2\/pages\/109"}],"wp:attachment":[{"href":"https:\/\/feuerwehr-blessenbach.de\/index.php?rest_route=%2Fwp%2Fv2%2Fmedia&parent=134"}],"curies":[{"name":"wp","href":"https:\/\/api.w.org\/{rel}","templated":true}]}}