{"id":125,"date":"2019-01-31T18:02:07","date_gmt":"2019-01-31T16:02:07","guid":{"rendered":"https:\/\/feuerwehr-blessenbach.de\/?page_id=125"},"modified":"2023-02-02T20:20:31","modified_gmt":"2023-02-02T18:20:31","slug":"mitglied-werden","status":"publish","type":"page","link":"https:\/\/feuerwehr-blessenbach.de\/?page_id=125","title":{"rendered":"Mitglied werden im Feuerwehrverein"},"content":{"rendered":"\n<p>Um Mitglied der Freiwilligen Feuerwehr Blessenbach e.V zu werden, laden Sie sich bitte unten angeh\u00e4ngten Antrag herunter. Sie haben die M\u00f6glichkeit uns den ausgef\u00fcllten und unterschriebenen Antrag per E-Mail zukommen zu lassen oder bei einem der genannten Kontakte (siehe dazu den Reiter &#8222;Kontakte&#8220; abzugeben.<br><br>F\u00fcr R\u00fcckfragen stehen Ihnen die genannten Kontakte gerne zur Verf\u00fcgung.<\/p>\n\n\n\n<div class=\"wp-block-file aligncenter\"><a id=\"wp-block-file--media-1e4cc166-dc52-411c-b112-d833c1d6c7d1\" href=\"https:\/\/feuerwehr-blessenbach.de\/wp-content\/uploads\/2023\/02\/Beitrittserklaerung-2019-neu-1.doc\">Beitrittserklaerung-2019-neu-1<\/a><a href=\"https:\/\/feuerwehr-blessenbach.de\/wp-content\/uploads\/2023\/02\/Beitrittserklaerung-2019-neu-1.doc\" class=\"wp-block-file__button wp-element-button\" download aria-describedby=\"wp-block-file--media-1e4cc166-dc52-411c-b112-d833c1d6c7d1\">Herunterladen<\/a><\/div>\n\n\n\n<div class=\"wp-block-file aligncenter\"><a id=\"wp-block-file--media-5f0a7702-037b-4419-8eec-aea3ff14eb93\" href=\"https:\/\/feuerwehr-blessenbach.de\/wp-content\/uploads\/2019\/03\/Satzungs\u00e4nderung-Endform-06.03.2018.pdf\">Vereinssatzung<\/a><a href=\"https:\/\/feuerwehr-blessenbach.de\/wp-content\/uploads\/2019\/03\/Satzungs\u00e4nderung-Endform-06.03.2018.pdf\" class=\"wp-block-file__button wp-element-button\" download aria-describedby=\"wp-block-file--media-5f0a7702-037b-4419-8eec-aea3ff14eb93\">Herunterladen<\/a><\/div>\n","protected":false},"excerpt":{"rendered":"<div class=\"mh-excerpt\"><p>Um Mitglied der Freiwilligen Feuerwehr Blessenbach e.V zu werden, laden Sie sich bitte unten angeh\u00e4ngten Antrag herunter. Sie haben die M\u00f6glichkeit uns den ausgef\u00fcllten und <a class=\"mh-excerpt-more\" href=\"https:\/\/feuerwehr-blessenbach.de\/?page_id=125\" title=\"Mitglied werden im Feuerwehrverein\">[&#8230;]<\/a><\/p>\n<\/div>","protected":false},"author":1,"featured_media":0,"parent":621,"menu_order":0,"comment_status":"closed","ping_status":"closed","template":"","meta":{"ngg_post_thumbnail":0,"_mc_calendar":[],"footnotes":""},"class_list":["post-125","page","type-page","status-publish","hentry"],"_links":{"self":[{"href":"https:\/\/feuerwehr-blessenbach.de\/index.php?rest_route=\/wp\/v2\/pages\/125","targetHints":{"allow":["GET"]}}],"collection":[{"href":"https:\/\/feuerwehr-blessenbach.de\/index.php?rest_route=\/wp\/v2\/pages"}],"about":[{"href":"https:\/\/feuerwehr-blessenbach.de\/index.php?rest_route=\/wp\/v2\/types\/page"}],"author":[{"embeddable":true,"href":"https:\/\/feuerwehr-blessenbach.de\/index.php?rest_route=\/wp\/v2\/users\/1"}],"replies":[{"embeddable":true,"href":"https:\/\/feuerwehr-blessenbach.de\/index.php?rest_route=%2Fwp%2Fv2%2Fcomments&post=125"}],"version-history":[{"count":7,"href":"https:\/\/feuerwehr-blessenbach.de\/index.php?rest_route=\/wp\/v2\/pages\/125\/revisions"}],"predecessor-version":[{"id":1142,"href":"https:\/\/feuerwehr-blessenbach.de\/index.php?rest_route=\/wp\/v2\/pages\/125\/revisions\/1142"}],"up":[{"embeddable":true,"href":"https:\/\/feuerwehr-blessenbach.de\/index.php?rest_route=\/wp\/v2\/pages\/621"}],"wp:attachment":[{"href":"https:\/\/feuerwehr-blessenbach.de\/index.php?rest_route=%2Fwp%2Fv2%2Fmedia&parent=125"}],"curies":[{"name":"wp","href":"https:\/\/api.w.org\/{rel}","templated":true}]}}