{"id":113,"date":"2019-01-31T17:37:23","date_gmt":"2019-01-31T15:37:23","guid":{"rendered":"https:\/\/feuerwehr-blessenbach.de\/?page_id=113"},"modified":"2023-02-02T20:21:09","modified_gmt":"2023-02-02T18:21:09","slug":"jugendfeuerwehr","status":"publish","type":"page","link":"https:\/\/feuerwehr-blessenbach.de\/?page_id=113","title":{"rendered":"Jugendfeuerwehr&#8230;"},"content":{"rendered":"\n<figure class=\"wp-block-gallery has-nested-images columns-default is-cropped wp-block-gallery-1 is-layout-flex wp-block-gallery-is-layout-flex\">\n<figure class=\"wp-block-image\"><img loading=\"lazy\" decoding=\"async\" width=\"768\" height=\"1024\" data-id=\"664\" src=\"https:\/\/feuerwehr-blessenbach.de\/wp-content\/uploads\/2019\/03\/Bild_20-e1553682611393-768x1024.jpg\" alt=\"\" class=\"wp-image-664\" srcset=\"https:\/\/feuerwehr-blessenbach.de\/wp-content\/uploads\/2019\/03\/Bild_20-e1553682611393-768x1024.jpg 768w, https:\/\/feuerwehr-blessenbach.de\/wp-content\/uploads\/2019\/03\/Bild_20-e1553682611393-225x300.jpg 225w\" sizes=\"auto, (max-width: 768px) 100vw, 768px\" \/><\/figure>\n\n\n\n<figure class=\"wp-block-image\"><img loading=\"lazy\" decoding=\"async\" width=\"1024\" height=\"768\" data-id=\"663\" src=\"https:\/\/feuerwehr-blessenbach.de\/wp-content\/uploads\/2019\/03\/Bild_17-1024x768.jpg\" alt=\"\" class=\"wp-image-663\" srcset=\"https:\/\/feuerwehr-blessenbach.de\/wp-content\/uploads\/2019\/03\/Bild_17-1024x768.jpg 1024w, https:\/\/feuerwehr-blessenbach.de\/wp-content\/uploads\/2019\/03\/Bild_17-300x225.jpg 300w, https:\/\/feuerwehr-blessenbach.de\/wp-content\/uploads\/2019\/03\/Bild_17-768x576.jpg 768w, https:\/\/feuerwehr-blessenbach.de\/wp-content\/uploads\/2019\/03\/Bild_17-678x509.jpg 678w, https:\/\/feuerwehr-blessenbach.de\/wp-content\/uploads\/2019\/03\/Bild_17-326x245.jpg 326w, https:\/\/feuerwehr-blessenbach.de\/wp-content\/uploads\/2019\/03\/Bild_17-80x60.jpg 80w, https:\/\/feuerwehr-blessenbach.de\/wp-content\/uploads\/2019\/03\/Bild_17.jpg 1280w\" sizes=\"auto, (max-width: 1024px) 100vw, 1024px\" \/><\/figure>\n\n\n\n<figure class=\"wp-block-image\"><img loading=\"lazy\" decoding=\"async\" width=\"1024\" height=\"768\" data-id=\"662\" src=\"https:\/\/feuerwehr-blessenbach.de\/wp-content\/uploads\/2019\/03\/Bild_7-1024x768.jpg\" alt=\"\" class=\"wp-image-662\" srcset=\"https:\/\/feuerwehr-blessenbach.de\/wp-content\/uploads\/2019\/03\/Bild_7-1024x768.jpg 1024w, https:\/\/feuerwehr-blessenbach.de\/wp-content\/uploads\/2019\/03\/Bild_7-300x225.jpg 300w, https:\/\/feuerwehr-blessenbach.de\/wp-content\/uploads\/2019\/03\/Bild_7-768x576.jpg 768w, https:\/\/feuerwehr-blessenbach.de\/wp-content\/uploads\/2019\/03\/Bild_7-678x509.jpg 678w, https:\/\/feuerwehr-blessenbach.de\/wp-content\/uploads\/2019\/03\/Bild_7-326x245.jpg 326w, https:\/\/feuerwehr-blessenbach.de\/wp-content\/uploads\/2019\/03\/Bild_7-80x60.jpg 80w\" sizes=\"auto, (max-width: 1024px) 100vw, 1024px\" \/><\/figure>\n\n\n\n<figure class=\"wp-block-image\"><img loading=\"lazy\" decoding=\"async\" width=\"1024\" height=\"768\" data-id=\"661\" src=\"https:\/\/feuerwehr-blessenbach.de\/wp-content\/uploads\/2019\/03\/Bild_6-1024x768.jpg\" alt=\"\" class=\"wp-image-661\" srcset=\"https:\/\/feuerwehr-blessenbach.de\/wp-content\/uploads\/2019\/03\/Bild_6-1024x768.jpg 1024w, https:\/\/feuerwehr-blessenbach.de\/wp-content\/uploads\/2019\/03\/Bild_6-300x225.jpg 300w, https:\/\/feuerwehr-blessenbach.de\/wp-content\/uploads\/2019\/03\/Bild_6-768x576.jpg 768w, https:\/\/feuerwehr-blessenbach.de\/wp-content\/uploads\/2019\/03\/Bild_6-678x509.jpg 678w, https:\/\/feuerwehr-blessenbach.de\/wp-content\/uploads\/2019\/03\/Bild_6-326x245.jpg 326w, https:\/\/feuerwehr-blessenbach.de\/wp-content\/uploads\/2019\/03\/Bild_6-80x60.jpg 80w, https:\/\/feuerwehr-blessenbach.de\/wp-content\/uploads\/2019\/03\/Bild_6.jpg 1280w\" sizes=\"auto, (max-width: 1024px) 100vw, 1024px\" \/><\/figure>\n\n\n\n<figure class=\"wp-block-image\"><img loading=\"lazy\" decoding=\"async\" width=\"1024\" height=\"768\" data-id=\"660\" src=\"https:\/\/feuerwehr-blessenbach.de\/wp-content\/uploads\/2019\/03\/Bild_3-1024x768.jpg\" alt=\"\" class=\"wp-image-660\" srcset=\"https:\/\/feuerwehr-blessenbach.de\/wp-content\/uploads\/2019\/03\/Bild_3-1024x768.jpg 1024w, https:\/\/feuerwehr-blessenbach.de\/wp-content\/uploads\/2019\/03\/Bild_3-300x225.jpg 300w, https:\/\/feuerwehr-blessenbach.de\/wp-content\/uploads\/2019\/03\/Bild_3-768x576.jpg 768w, https:\/\/feuerwehr-blessenbach.de\/wp-content\/uploads\/2019\/03\/Bild_3-678x509.jpg 678w, https:\/\/feuerwehr-blessenbach.de\/wp-content\/uploads\/2019\/03\/Bild_3-326x245.jpg 326w, https:\/\/feuerwehr-blessenbach.de\/wp-content\/uploads\/2019\/03\/Bild_3-80x60.jpg 80w, https:\/\/feuerwehr-blessenbach.de\/wp-content\/uploads\/2019\/03\/Bild_3.jpg 1280w\" sizes=\"auto, (max-width: 1024px) 100vw, 1024px\" \/><\/figure>\n\n\n\n<figure class=\"wp-block-image\"><img loading=\"lazy\" decoding=\"async\" width=\"1024\" height=\"768\" data-id=\"659\" src=\"https:\/\/feuerwehr-blessenbach.de\/wp-content\/uploads\/2019\/03\/BILD_-1024x768.jpg\" alt=\"\" class=\"wp-image-659\" srcset=\"https:\/\/feuerwehr-blessenbach.de\/wp-content\/uploads\/2019\/03\/BILD_-1024x768.jpg 1024w, https:\/\/feuerwehr-blessenbach.de\/wp-content\/uploads\/2019\/03\/BILD_-300x225.jpg 300w, https:\/\/feuerwehr-blessenbach.de\/wp-content\/uploads\/2019\/03\/BILD_-768x576.jpg 768w, https:\/\/feuerwehr-blessenbach.de\/wp-content\/uploads\/2019\/03\/BILD_-678x509.jpg 678w, https:\/\/feuerwehr-blessenbach.de\/wp-content\/uploads\/2019\/03\/BILD_-326x245.jpg 326w, https:\/\/feuerwehr-blessenbach.de\/wp-content\/uploads\/2019\/03\/BILD_-80x60.jpg 80w\" sizes=\"auto, (max-width: 1024px) 100vw, 1024px\" \/><\/figure>\n<\/figure>\n\n\n\n<p>Die Jugendfeuerwehr Blessenbach besteht momentan aus, 5 Jugendlichen darunter 3 Jungs, 2 M\u00e4dchen sowie deren Betreuer. Wir treffen uns jeden 2. Montag um 18:00-19:30 Uhr am Feuerwehrhaus um gemeinsam mit der Jugendfeuerwehr Elkerhausen \u00dcbungen abzuhalten. Mitmachen kann jeder, Jungs wie M\u00e4dchen, aus Blessenbach im Alter von 10-17 Jahren. <\/p>\n\n\n\n<p>Kommt doch einfach Montags mal vorbei und schaut euch eine \u00dcbung an. Jugendfeuerwehr ist ein \u00e4u\u00dferst spannendes und abwechslungsreiches Hobby.  Zus\u00e4tzlich lernt man eine ganze Menge. Im Vordergrund steht nat\u00fcrlich, die feuerwehrtechnische Ausbildung. Da lernt man den Umgang, mit den Feuerwehrfahrzeugen und den sich darauf befindenden Ger\u00e4ten, den Aufbau eines L\u00f6schangriffs, Grundlagen in der Ersten Hilfe und vieles mehr. Nat\u00fcrlich m\u00fcssen daf\u00fcr das eine oder andere Mal die Grundlagen in der Theorie gepaukt werden,. Dies dient der Vorbereitung auf dass erfolgreiche Abschneiden an Wettk\u00e4mpfen, Gro\u00df\u00fcbungen, Jugendflamme (1-3) sowie der <br>Leistungsspange. Sowie des sp\u00e4teren Einsatzdienstes (ab 17 Jahren) ,wo du Lehrg\u00e4nge erfolgreich absolvieren wirst. Dennoch darf der Spa\u00df nat\u00fcrlich nicht zu kurz kommen, neben der feuerwehrtechnischen Ausbildung, kann sich die Jugendfeuerwehr an zahlreichen Ausfl\u00fcgen und Veranstaltungen erfreuen. H\u00f6hepunkt des Jahres ist eine gemeinsame, mehrt\u00e4gige Teilnahme am Zeltlager. Des weiteren \u00fcbernimmt die Jugendfeuerwehr, dass einsammeln der Weihnachtsb\u00e4ume im Ort.<\/p>\n\n\n\n<figure class=\"wp-block-image is-resized\"><img loading=\"lazy\" decoding=\"async\" src=\"https:\/\/feuerwehr-blessenbach.de\/wp-content\/uploads\/2019\/03\/Baum-1024x768.jpg\" alt=\"\" class=\"wp-image-658\" width=\"697\" height=\"523\" srcset=\"https:\/\/feuerwehr-blessenbach.de\/wp-content\/uploads\/2019\/03\/Baum-1024x768.jpg 1024w, https:\/\/feuerwehr-blessenbach.de\/wp-content\/uploads\/2019\/03\/Baum-300x225.jpg 300w, https:\/\/feuerwehr-blessenbach.de\/wp-content\/uploads\/2019\/03\/Baum-768x576.jpg 768w, https:\/\/feuerwehr-blessenbach.de\/wp-content\/uploads\/2019\/03\/Baum-678x509.jpg 678w, https:\/\/feuerwehr-blessenbach.de\/wp-content\/uploads\/2019\/03\/Baum-326x245.jpg 326w, https:\/\/feuerwehr-blessenbach.de\/wp-content\/uploads\/2019\/03\/Baum-80x60.jpg 80w\" sizes=\"auto, (max-width: 697px) 100vw, 697px\" \/><figcaption class=\"wp-element-caption\">Thermische Aufbereitung der ausgedienten Weihnachtsb\u00e4ume<\/figcaption><\/figure>\n\n\n\n<p>Eine Auswahl unserer Veranstaltungen findet Ihr im Terminkalender auf der Rechten Seite. Na, Interesse geweckt? Dann schaut vorbei! Weitere Infos erhaltet ihr bei jeder \u00dcbung oder bei: <br><\/p>\n\n\n\n<p><strong><a href=\"https:\/\/feuerwehr-blessenbach.de\/?page_id=4\">Jugendwart<\/a><\/strong><\/p>\n\n\n\n<p><strong><a href=\"https:\/\/feuerwehr-blessenbach.de\/?page_id=4\">Stv. Jugendwart<\/a><\/strong><\/p>\n\n\n\n<div class=\"wp-block-file\"><a id=\"wp-block-file--media-55118e21-11b6-4f7e-9896-370126b3f7bc\" href=\"https:\/\/feuerwehr-blessenbach.de\/wp-content\/uploads\/2023\/02\/Beitrittserklaerung-JF-neu.doc\">Beitrittserklaerung-JF-neu<\/a><a href=\"https:\/\/feuerwehr-blessenbach.de\/wp-content\/uploads\/2023\/02\/Beitrittserklaerung-JF-neu.doc\" class=\"wp-block-file__button wp-element-button\" download aria-describedby=\"wp-block-file--media-55118e21-11b6-4f7e-9896-370126b3f7bc\">Herunterladen<\/a><\/div>\n","protected":false},"excerpt":{"rendered":"<div class=\"mh-excerpt\"><p>Die Jugendfeuerwehr Blessenbach besteht momentan aus, 5 Jugendlichen darunter 3 Jungs, 2 M\u00e4dchen sowie deren Betreuer. Wir treffen uns jeden 2. Montag um 18:00-19:30 Uhr <a class=\"mh-excerpt-more\" href=\"https:\/\/feuerwehr-blessenbach.de\/?page_id=113\" title=\"Jugendfeuerwehr&#8230;\">[&#8230;]<\/a><\/p>\n<\/div>","protected":false},"author":1,"featured_media":0,"parent":0,"menu_order":0,"comment_status":"closed","ping_status":"closed","template":"","meta":{"ngg_post_thumbnail":0,"_mc_calendar":[],"footnotes":""},"class_list":["post-113","page","type-page","status-publish","hentry"],"_links":{"self":[{"href":"https:\/\/feuerwehr-blessenbach.de\/index.php?rest_route=\/wp\/v2\/pages\/113","targetHints":{"allow":["GET"]}}],"collection":[{"href":"https:\/\/feuerwehr-blessenbach.de\/index.php?rest_route=\/wp\/v2\/pages"}],"about":[{"href":"https:\/\/feuerwehr-blessenbach.de\/index.php?rest_route=\/wp\/v2\/types\/page"}],"author":[{"embeddable":true,"href":"https:\/\/feuerwehr-blessenbach.de\/index.php?rest_route=\/wp\/v2\/users\/1"}],"replies":[{"embeddable":true,"href":"https:\/\/feuerwehr-blessenbach.de\/index.php?rest_route=%2Fwp%2Fv2%2Fcomments&post=113"}],"version-history":[{"count":21,"href":"https:\/\/feuerwehr-blessenbach.de\/index.php?rest_route=\/wp\/v2\/pages\/113\/revisions"}],"predecessor-version":[{"id":1144,"href":"https:\/\/feuerwehr-blessenbach.de\/index.php?rest_route=\/wp\/v2\/pages\/113\/revisions\/1144"}],"wp:attachment":[{"href":"https:\/\/feuerwehr-blessenbach.de\/index.php?rest_route=%2Fwp%2Fv2%2Fmedia&parent=113"}],"curies":[{"name":"wp","href":"https:\/\/api.w.org\/{rel}","templated":true}]}}