{"id":109,"date":"2019-01-31T17:36:24","date_gmt":"2019-01-31T15:36:24","guid":{"rendered":"https:\/\/feuerwehr-blessenbach.de\/?page_id=109"},"modified":"2019-06-12T12:32:18","modified_gmt":"2019-06-12T10:32:18","slug":"einsatzabteilung","status":"publish","type":"page","link":"https:\/\/feuerwehr-blessenbach.de\/?page_id=109","title":{"rendered":"Einsatzabteilung"},"content":{"rendered":"\n<p>Die Aufgaben der aktiven Abteilung der Feuerwehr Blessenbach\nist es, bei Br\u00e4nden, Unf\u00e4llen, \u00dcberschwemmungen und \u00e4hnlichen\nSchadensereignissen umgehend Hilfe zu leisten.<br>\nIm Grundsatz hei\u00dft das, Menschen, Tiere und Sachwerte zu retten, zu sch\u00fctzen\nund zu bergen. Vorrang hat hierbei jedoch immer erst das retten.<\/p>\n\n\n\n<p>Die Unterhaltung einer Feuerwehr ist eine Pflichtaufgabe der\nGemeinde und fest im Hessischen Brand- und\nKatatrophenhilfeleistungsschutzgesetz (kurz HBKG) verankert. Damit wird die\nEinsatzabteilung der Freiwilligen Feuerwehr Blessenbach eine \u00f6ffentliche\ngemeindliche Einrichtung der Gemeinde Weinbach. Sie steht unter der Leitung des\nB\u00fcrgermeister bzw. des Gemeindebrandinspektors. Die F\u00fchrungsaufgaben vor Ort\nwird durch den jeweiligen Wehf\u00fchrer bzw. einen Stellvertreter ausge\u00fcbt.<\/p>\n\n\n\n<p>Alle unsere Mitglieder verrichten den Dienst in der Feuerwehr auf freiwilliger und unentgeldlicher Basis. Wir handeln daher im ehrenamtlichen Auftrag der Gemeinde und stehen in unserer Freizeit den B\u00fcrgerinnen und B\u00fcrgern zur Verf\u00fcgung um Hilfe leisten zu k\u00f6nnen, wo diese gebraucht wird. <br> <br> Um den aktiven Dienst aus\u00fcben zu k\u00f6nnen sind auch Umfangreiche Ausbildungen erforderlich. Daf\u00fcr stehen im Landkreis Limburg-Weilburg versch. Ausbildungsstationen zur Verf\u00fcgung um sich Grundlagen- und Basiswissen aneignen zu k\u00f6nnen. Weiter gibt es eine Landesfeuerwehrschule in Kassel wo Weiterf\u00fchrende Lehrg\u00e4nge absolviert werden k\u00f6nnen.<\/p>\n\n\n\n<p>Neben dem 14 T\u00e4gigen Ausbildungs- und \u00dcbungsdienst auf Standortebene stehen auch kleinere Highlights auf unserem Terminplan. So unterst\u00fctzen wir am Jahresanfang die Jugendfeuerwehr beim einsammeln der ausgedienten Weihnachtsb\u00e4ume, unterst\u00fctzen beim Aufbau des Jugendfeuerwehrzeltes am jeweiligen Lagerplatz des Kreiszeltlagers, errichten das Martinsfeuer, sichern den anschlie\u00dfenden Martinsumzug mit ab und f\u00fchren einmal im Jahr eine Kontrolle der Hydranten im Ortsbereich sowie in Kleinweinbach durch.<br> Werden von den Ortsvereinen Veranstaltungen geplant wo eine Anwesenheit der Feuerwehr,\u00a0 seitens der Gemeinde angeordnet wird, so stellen wir dazu Personal zum Brandsicherheitsdienst ab.<\/p>\n\n\n\n<p>Da es auch im Tagesverlauf zu Schadensereignissen kommen kann und nicht alle Mitglieder in der Gemeinde arbeiten, wurde vor einigen Jahren eine Tageseinsatzgruppe gegr\u00fcndet um die Tagesalarmst\u00e4rke sicherzustellen. In dieser Tageseinsatzgruppe sind insgesamt 4 Kameradinnen und Kameraden aus Blessenbach aktiv beteiligt. Zwischen 06:00 Uhr und 18 Uhr werden die Kameradinnen und Kameraden, welche in der n\u00e4heren Umgebung arbeiten, alarmiert und fahren das zentral gelegene Feuerwehrhaus in Weinbach an. Von dort aus wird zu den jeweiligen Eins\u00e4tzen ausger\u00fcckt. Bei gr\u00f6\u00dferen Schadenslagen werden umliegende Ortsteile alarmiert bzw. ein Vollalarm der gesamten Gemeinde ausgel\u00f6st.<\/p>\n\n\n","protected":false},"excerpt":{"rendered":"<div class=\"mh-excerpt\"><p>Die Aufgaben der aktiven Abteilung der Feuerwehr Blessenbach ist es, bei Br\u00e4nden, Unf\u00e4llen, \u00dcberschwemmungen und \u00e4hnlichen Schadensereignissen umgehend Hilfe zu leisten. Im Grundsatz hei\u00dft das, <a class=\"mh-excerpt-more\" href=\"https:\/\/feuerwehr-blessenbach.de\/?page_id=109\" title=\"Einsatzabteilung\">[&#8230;]<\/a><\/p>\n<\/div>","protected":false},"author":1,"featured_media":0,"parent":0,"menu_order":0,"comment_status":"closed","ping_status":"closed","template":"","meta":{"ngg_post_thumbnail":0,"_mc_calendar":[],"footnotes":""},"class_list":["post-109","page","type-page","status-publish","hentry"],"_links":{"self":[{"href":"https:\/\/feuerwehr-blessenbach.de\/index.php?rest_route=\/wp\/v2\/pages\/109","targetHints":{"allow":["GET"]}}],"collection":[{"href":"https:\/\/feuerwehr-blessenbach.de\/index.php?rest_route=\/wp\/v2\/pages"}],"about":[{"href":"https:\/\/feuerwehr-blessenbach.de\/index.php?rest_route=\/wp\/v2\/types\/page"}],"author":[{"embeddable":true,"href":"https:\/\/feuerwehr-blessenbach.de\/index.php?rest_route=\/wp\/v2\/users\/1"}],"replies":[{"embeddable":true,"href":"https:\/\/feuerwehr-blessenbach.de\/index.php?rest_route=%2Fwp%2Fv2%2Fcomments&post=109"}],"version-history":[{"count":3,"href":"https:\/\/feuerwehr-blessenbach.de\/index.php?rest_route=\/wp\/v2\/pages\/109\/revisions"}],"predecessor-version":[{"id":750,"href":"https:\/\/feuerwehr-blessenbach.de\/index.php?rest_route=\/wp\/v2\/pages\/109\/revisions\/750"}],"wp:attachment":[{"href":"https:\/\/feuerwehr-blessenbach.de\/index.php?rest_route=%2Fwp%2Fv2%2Fmedia&parent=109"}],"curies":[{"name":"wp","href":"https:\/\/api.w.org\/{rel}","templated":true}]}}